{"id":1640,"date":"2025-02-17T19:15:45","date_gmt":"2025-02-17T19:15:45","guid":{"rendered":"https:\/\/www.crownrms.com\/vn\/trung-tam-khach-hang\/"},"modified":"2025-11-20T03:25:12","modified_gmt":"2025-11-20T03:25:12","slug":"customer-centre","status":"publish","type":"page","link":"https:\/\/www.crownrms.com\/vn\/customer-centre\/","title":{"rendered":"Trung t\u00e2m kh\u00e1ch h\u00e0ng"},"content":{"rendered":"","protected":false},"excerpt":{"rendered":"","protected":false},"author":7,"featured_media":0,"parent":0,"menu_order":0,"comment_status":"closed","ping_status":"closed","template":"","meta":{"_acf_changed":false,"footnotes":""},"class_list":["post-1640","page","type-page","status-publish","hentry"],"acf":[],"yoast_head":"<!-- This site is optimized with the Yoast SEO Premium plugin v27.2 (Yoast SEO v27.2) - https:\/\/yoast.com\/product\/yoast-seo-premium-wordpress\/ -->\n<title>Trung t\u00e2m kh\u00e1ch h\u00e0ng - Crown Information Management Vietnam<\/title>\n<meta name=\"description\" content=\"S\u1eed d\u1ee5ng h\u1ec7 th\u1ed1ng tr\u1ef1c tuy\u1ebfn RMOrder \u0111\u1ec3 y\u00eau c\u1ea7u truy xu\u1ea5t h\u1ed3 s\u01a1 hi\u1ec7n \u0111ang \u0111\u01b0\u1ee3c l\u01b0u tr\u1eef t\u1ea1i Crown.\" \/>\n<meta name=\"robots\" content=\"index, follow, max-snippet:-1, max-image-preview:large, max-video-preview:-1\" \/>\n<link rel=\"canonical\" href=\"https:\/\/www.crownrms.com\/vn\/wp-json\/wp\/v2\/pages\/1640\" \/>\n<meta property=\"og:locale\" content=\"vi_VN\" \/>\n<meta property=\"og:type\" content=\"article\" \/>\n<meta property=\"og:title\" content=\"Trung t\u00e2m kh\u00e1ch h\u00e0ng\" \/>\n<meta property=\"og:description\" content=\"S\u1eed d\u1ee5ng h\u1ec7 th\u1ed1ng tr\u1ef1c tuy\u1ebfn RMOrder \u0111\u1ec3 y\u00eau c\u1ea7u truy xu\u1ea5t h\u1ed3 s\u01a1 hi\u1ec7n \u0111ang \u0111\u01b0\u1ee3c l\u01b0u tr\u1eef t\u1ea1i Crown.\" \/>\n<meta property=\"og:url\" content=\"https:\/\/www.crownrms.com\/vn\/customer-centre\/\" \/>\n<meta property=\"og:site_name\" content=\"Crown Information Management Vietnam\" \/>\n<meta property=\"article:modified_time\" content=\"2025-11-20T03:25:12+00:00\" \/>\n<meta name=\"twitter:card\" content=\"summary_large_image\" \/>\n<script type=\"application\/ld+json\" class=\"yoast-schema-graph\">{\"@context\":\"https:\/\/schema.org\",\"@graph\":[{\"@type\":\"WebPage\",\"@id\":\"https:\/\/www.crownrms.com\/vn\/customer-centre\/\",\"url\":\"https:\/\/www.crownrms.com\/vn\/customer-centre\/\",\"name\":\"Trung t\u00e2m kh\u00e1ch h\u00e0ng - Crown Information Management Vietnam\",\"isPartOf\":{\"@id\":\"https:\/\/www.crownrms.com\/vn\/#website\"},\"datePublished\":\"2025-02-17T19:15:45+00:00\",\"dateModified\":\"2025-11-20T03:25:12+00:00\",\"description\":\"S\u1eed d\u1ee5ng h\u1ec7 th\u1ed1ng tr\u1ef1c tuy\u1ebfn RMOrder \u0111\u1ec3 y\u00eau c\u1ea7u truy xu\u1ea5t h\u1ed3 s\u01a1 hi\u1ec7n \u0111ang \u0111\u01b0\u1ee3c l\u01b0u tr\u1eef t\u1ea1i Crown.\",\"breadcrumb\":{\"@id\":\"https:\/\/www.crownrms.com\/vn\/customer-centre\/#breadcrumb\"},\"inLanguage\":\"vi-VN\",\"potentialAction\":[{\"@type\":\"ReadAction\",\"target\":[\"https:\/\/www.crownrms.com\/vn\/customer-centre\/\"]}]},{\"@type\":\"BreadcrumbList\",\"@id\":\"https:\/\/www.crownrms.com\/vn\/customer-centre\/#breadcrumb\",\"itemListElement\":[{\"@type\":\"ListItem\",\"position\":1,\"name\":\"Trang ch\u1ee7\",\"item\":\"https:\/\/www.crownrms.com\/vn\/\"},{\"@type\":\"ListItem\",\"position\":2,\"name\":\"Trung t\u00e2m kh\u00e1ch h\u00e0ng\"}]},{\"@type\":\"WebSite\",\"@id\":\"https:\/\/www.crownrms.com\/vn\/#website\",\"url\":\"https:\/\/www.crownrms.com\/vn\/\",\"name\":\"Crown Information Management Vietnam\",\"description\":\"\",\"potentialAction\":[{\"@type\":\"SearchAction\",\"target\":{\"@type\":\"EntryPoint\",\"urlTemplate\":\"https:\/\/www.crownrms.com\/vn\/?s={search_term_string}\"},\"query-input\":{\"@type\":\"PropertyValueSpecification\",\"valueRequired\":true,\"valueName\":\"search_term_string\"}}],\"inLanguage\":\"vi-VN\"}]}<\/script>\n<!-- \/ Yoast SEO Premium plugin. -->","yoast_head_json":{"title":"Trung t\u00e2m kh\u00e1ch h\u00e0ng - Crown Information Management Vietnam","description":"S\u1eed d\u1ee5ng h\u1ec7 th\u1ed1ng tr\u1ef1c tuy\u1ebfn RMOrder \u0111\u1ec3 y\u00eau c\u1ea7u truy xu\u1ea5t h\u1ed3 s\u01a1 hi\u1ec7n \u0111ang \u0111\u01b0\u1ee3c l\u01b0u tr\u1eef t\u1ea1i Crown.","robots":{"index":"index","follow":"follow","max-snippet":"max-snippet:-1","max-image-preview":"max-image-preview:large","max-video-preview":"max-video-preview:-1"},"canonical":"https:\/\/www.crownrms.com\/vn\/wp-json\/wp\/v2\/pages\/1640","og_locale":"vi_VN","og_type":"article","og_title":"Trung t\u00e2m kh\u00e1ch h\u00e0ng","og_description":"S\u1eed d\u1ee5ng h\u1ec7 th\u1ed1ng tr\u1ef1c tuy\u1ebfn RMOrder \u0111\u1ec3 y\u00eau c\u1ea7u truy xu\u1ea5t h\u1ed3 s\u01a1 hi\u1ec7n \u0111ang \u0111\u01b0\u1ee3c l\u01b0u tr\u1eef t\u1ea1i Crown.","og_url":"https:\/\/www.crownrms.com\/vn\/customer-centre\/","og_site_name":"Crown Information Management Vietnam","article_modified_time":"2025-11-20T03:25:12+00:00","twitter_card":"summary_large_image","schema":{"@context":"https:\/\/schema.org","@graph":[{"@type":"WebPage","@id":"https:\/\/www.crownrms.com\/vn\/customer-centre\/","url":"https:\/\/www.crownrms.com\/vn\/customer-centre\/","name":"Trung t\u00e2m kh\u00e1ch h\u00e0ng - Crown Information Management Vietnam","isPartOf":{"@id":"https:\/\/www.crownrms.com\/vn\/#website"},"datePublished":"2025-02-17T19:15:45+00:00","dateModified":"2025-11-20T03:25:12+00:00","description":"S\u1eed d\u1ee5ng h\u1ec7 th\u1ed1ng tr\u1ef1c tuy\u1ebfn RMOrder \u0111\u1ec3 y\u00eau c\u1ea7u truy xu\u1ea5t h\u1ed3 s\u01a1 hi\u1ec7n \u0111ang \u0111\u01b0\u1ee3c l\u01b0u tr\u1eef t\u1ea1i Crown.","breadcrumb":{"@id":"https:\/\/www.crownrms.com\/vn\/customer-centre\/#breadcrumb"},"inLanguage":"vi-VN","potentialAction":[{"@type":"ReadAction","target":["https:\/\/www.crownrms.com\/vn\/customer-centre\/"]}]},{"@type":"BreadcrumbList","@id":"https:\/\/www.crownrms.com\/vn\/customer-centre\/#breadcrumb","itemListElement":[{"@type":"ListItem","position":1,"name":"Trang ch\u1ee7","item":"https:\/\/www.crownrms.com\/vn\/"},{"@type":"ListItem","position":2,"name":"Trung t\u00e2m kh\u00e1ch h\u00e0ng"}]},{"@type":"WebSite","@id":"https:\/\/www.crownrms.com\/vn\/#website","url":"https:\/\/www.crownrms.com\/vn\/","name":"Crown Information Management Vietnam","description":"","potentialAction":[{"@type":"SearchAction","target":{"@type":"EntryPoint","urlTemplate":"https:\/\/www.crownrms.com\/vn\/?s={search_term_string}"},"query-input":{"@type":"PropertyValueSpecification","valueRequired":true,"valueName":"search_term_string"}}],"inLanguage":"vi-VN"}]}},"_links":{"self":[{"href":"https:\/\/www.crownrms.com\/vn\/wp-json\/wp\/v2\/pages\/1640","targetHints":{"allow":["GET"]}}],"collection":[{"href":"https:\/\/www.crownrms.com\/vn\/wp-json\/wp\/v2\/pages"}],"about":[{"href":"https:\/\/www.crownrms.com\/vn\/wp-json\/wp\/v2\/types\/page"}],"author":[{"embeddable":true,"href":"https:\/\/www.crownrms.com\/vn\/wp-json\/wp\/v2\/users\/7"}],"replies":[{"embeddable":true,"href":"https:\/\/www.crownrms.com\/vn\/wp-json\/wp\/v2\/comments?post=1640"}],"version-history":[{"count":0,"href":"https:\/\/www.crownrms.com\/vn\/wp-json\/wp\/v2\/pages\/1640\/revisions"}],"wp:attachment":[{"href":"https:\/\/www.crownrms.com\/vn\/wp-json\/wp\/v2\/media?parent=1640"}],"curies":[{"name":"wp","href":"https:\/\/api.w.org\/{rel}","templated":true}]}}