{"id":1754,"date":"2024-09-19T06:54:56","date_gmt":"2024-09-19T06:54:56","guid":{"rendered":"https:\/\/www.crownrms.com\/vn\/lien-he-voi-chung-toi\/"},"modified":"2025-05-26T02:05:20","modified_gmt":"2025-05-26T02:05:20","slug":"contact-us","status":"publish","type":"page","link":"https:\/\/www.crownrms.com\/vn\/contact-us\/","title":{"rendered":"Li\u00ean h\u1ec7 v\u1edbi ch\u00fang t\u00f4i"},"content":{"rendered":"","protected":false},"excerpt":{"rendered":"","protected":false},"author":2,"featured_media":983,"parent":0,"menu_order":0,"comment_status":"closed","ping_status":"closed","template":"","meta":{"_acf_changed":false,"footnotes":""},"class_list":["post-1754","page","type-page","status-publish","has-post-thumbnail","hentry"],"acf":[],"yoast_head":"<!-- This site is optimized with the Yoast SEO Premium plugin v27.2 (Yoast SEO v27.2) - https:\/\/yoast.com\/product\/yoast-seo-premium-wordpress\/ -->\n<title>Li\u00ean h\u1ec7 v\u1edbi ch\u00fang t\u00f4i - Crown Information Management Vietnam<\/title>\n<meta name=\"description\" content=\"\u0110\u1ed9i ng\u0169 chuy\u00ean gia th\u00e2n thi\u1ec7n c\u1ee7a Crown lu\u00f4n s\u1eb5n s\u00e0ng h\u1ed7 tr\u1ee3 m\u1ecdi th\u1eafc m\u1eafc c\u1ee7a qu\u00fd doanh nghi\u1ec7p.\" \/>\n<meta name=\"robots\" content=\"index, follow, max-snippet:-1, max-image-preview:large, max-video-preview:-1\" \/>\n<link rel=\"canonical\" href=\"https:\/\/www.crownrms.com\/vn\/wp-json\/wp\/v2\/pages\/1754\" \/>\n<meta property=\"og:locale\" content=\"vi_VN\" \/>\n<meta property=\"og:type\" content=\"article\" \/>\n<meta property=\"og:title\" content=\"Li\u00ean h\u1ec7 v\u1edbi ch\u00fang t\u00f4i\" \/>\n<meta property=\"og:description\" content=\"\u0110\u1ed9i ng\u0169 chuy\u00ean gia th\u00e2n thi\u1ec7n c\u1ee7a Crown lu\u00f4n s\u1eb5n s\u00e0ng h\u1ed7 tr\u1ee3 m\u1ecdi th\u1eafc m\u1eafc c\u1ee7a qu\u00fd doanh nghi\u1ec7p.\" \/>\n<meta property=\"og:url\" content=\"https:\/\/www.crownrms.com\/vn\/contact-us\/\" \/>\n<meta property=\"og:site_name\" content=\"Crown Information Management Vietnam\" \/>\n<meta property=\"article:modified_time\" content=\"2025-05-26T02:05:20+00:00\" \/>\n<meta property=\"og:image\" content=\"https:\/\/www.crownrms.com\/vn\/wp-content\/uploads\/sites\/9\/2025\/01\/pexels-photo-5745183-scaled.jpeg\" \/>\n\t<meta property=\"og:image:width\" content=\"2560\" \/>\n\t<meta property=\"og:image:height\" content=\"1389\" \/>\n\t<meta property=\"og:image:type\" content=\"image\/jpeg\" \/>\n<meta name=\"twitter:card\" content=\"summary_large_image\" \/>\n<meta name=\"twitter:label1\" content=\"Est. reading time\" \/>\n\t<meta name=\"twitter:data1\" content=\"1 minute\" \/>\n<script type=\"application\/ld+json\" class=\"yoast-schema-graph\">{\"@context\":\"https:\/\/schema.org\",\"@graph\":[{\"@type\":\"WebPage\",\"@id\":\"https:\/\/www.crownrms.com\/vn\/contact-us\/\",\"url\":\"https:\/\/www.crownrms.com\/vn\/contact-us\/\",\"name\":\"Li\u00ean h\u1ec7 v\u1edbi ch\u00fang t\u00f4i - Crown Information Management Vietnam\",\"isPartOf\":{\"@id\":\"https:\/\/www.crownrms.com\/vn\/#website\"},\"primaryImageOfPage\":{\"@id\":\"https:\/\/www.crownrms.com\/vn\/contact-us\/#primaryimage\"},\"image\":{\"@id\":\"https:\/\/www.crownrms.com\/vn\/contact-us\/#primaryimage\"},\"thumbnailUrl\":\"https:\/\/www.crownrms.com\/vn\/wp-content\/uploads\/sites\/9\/2025\/01\/pexels-photo-5745183-scaled.jpeg\",\"datePublished\":\"2024-09-19T06:54:56+00:00\",\"dateModified\":\"2025-05-26T02:05:20+00:00\",\"description\":\"\u0110\u1ed9i ng\u0169 chuy\u00ean gia th\u00e2n thi\u1ec7n c\u1ee7a Crown lu\u00f4n s\u1eb5n s\u00e0ng h\u1ed7 tr\u1ee3 m\u1ecdi th\u1eafc m\u1eafc c\u1ee7a qu\u00fd doanh nghi\u1ec7p.\",\"breadcrumb\":{\"@id\":\"https:\/\/www.crownrms.com\/vn\/contact-us\/#breadcrumb\"},\"inLanguage\":\"vi-VN\",\"potentialAction\":[{\"@type\":\"ReadAction\",\"target\":[\"https:\/\/www.crownrms.com\/vn\/contact-us\/\"]}]},{\"@type\":\"ImageObject\",\"inLanguage\":\"vi-VN\",\"@id\":\"https:\/\/www.crownrms.com\/vn\/contact-us\/#primaryimage\",\"url\":\"https:\/\/www.crownrms.com\/vn\/wp-content\/uploads\/sites\/9\/2025\/01\/pexels-photo-5745183-scaled.jpeg\",\"contentUrl\":\"https:\/\/www.crownrms.com\/vn\/wp-content\/uploads\/sites\/9\/2025\/01\/pexels-photo-5745183-scaled.jpeg\",\"width\":2560,\"height\":1389},{\"@type\":\"BreadcrumbList\",\"@id\":\"https:\/\/www.crownrms.com\/vn\/contact-us\/#breadcrumb\",\"itemListElement\":[{\"@type\":\"ListItem\",\"position\":1,\"name\":\"Trang ch\u1ee7\",\"item\":\"https:\/\/www.crownrms.com\/vn\/\"},{\"@type\":\"ListItem\",\"position\":2,\"name\":\"Li\u00ean h\u1ec7 v\u1edbi ch\u00fang t\u00f4i\"}]},{\"@type\":\"WebSite\",\"@id\":\"https:\/\/www.crownrms.com\/vn\/#website\",\"url\":\"https:\/\/www.crownrms.com\/vn\/\",\"name\":\"Crown Information Management Vietnam\",\"description\":\"\",\"potentialAction\":[{\"@type\":\"SearchAction\",\"target\":{\"@type\":\"EntryPoint\",\"urlTemplate\":\"https:\/\/www.crownrms.com\/vn\/?s={search_term_string}\"},\"query-input\":{\"@type\":\"PropertyValueSpecification\",\"valueRequired\":true,\"valueName\":\"search_term_string\"}}],\"inLanguage\":\"vi-VN\"}]}<\/script>\n<!-- \/ Yoast SEO Premium plugin. -->","yoast_head_json":{"title":"Li\u00ean h\u1ec7 v\u1edbi ch\u00fang t\u00f4i - Crown Information Management Vietnam","description":"\u0110\u1ed9i ng\u0169 chuy\u00ean gia th\u00e2n thi\u1ec7n c\u1ee7a Crown lu\u00f4n s\u1eb5n s\u00e0ng h\u1ed7 tr\u1ee3 m\u1ecdi th\u1eafc m\u1eafc c\u1ee7a qu\u00fd doanh nghi\u1ec7p.","robots":{"index":"index","follow":"follow","max-snippet":"max-snippet:-1","max-image-preview":"max-image-preview:large","max-video-preview":"max-video-preview:-1"},"canonical":"https:\/\/www.crownrms.com\/vn\/wp-json\/wp\/v2\/pages\/1754","og_locale":"vi_VN","og_type":"article","og_title":"Li\u00ean h\u1ec7 v\u1edbi ch\u00fang t\u00f4i","og_description":"\u0110\u1ed9i ng\u0169 chuy\u00ean gia th\u00e2n thi\u1ec7n c\u1ee7a Crown lu\u00f4n s\u1eb5n s\u00e0ng h\u1ed7 tr\u1ee3 m\u1ecdi th\u1eafc m\u1eafc c\u1ee7a qu\u00fd doanh nghi\u1ec7p.","og_url":"https:\/\/www.crownrms.com\/vn\/contact-us\/","og_site_name":"Crown Information Management Vietnam","article_modified_time":"2025-05-26T02:05:20+00:00","og_image":[{"width":2560,"height":1389,"url":"https:\/\/www.crownrms.com\/vn\/wp-content\/uploads\/sites\/9\/2025\/01\/pexels-photo-5745183-scaled.jpeg","type":"image\/jpeg"}],"twitter_card":"summary_large_image","twitter_misc":{"Est. reading time":"1 minute"},"schema":{"@context":"https:\/\/schema.org","@graph":[{"@type":"WebPage","@id":"https:\/\/www.crownrms.com\/vn\/contact-us\/","url":"https:\/\/www.crownrms.com\/vn\/contact-us\/","name":"Li\u00ean h\u1ec7 v\u1edbi ch\u00fang t\u00f4i - Crown Information Management Vietnam","isPartOf":{"@id":"https:\/\/www.crownrms.com\/vn\/#website"},"primaryImageOfPage":{"@id":"https:\/\/www.crownrms.com\/vn\/contact-us\/#primaryimage"},"image":{"@id":"https:\/\/www.crownrms.com\/vn\/contact-us\/#primaryimage"},"thumbnailUrl":"https:\/\/www.crownrms.com\/vn\/wp-content\/uploads\/sites\/9\/2025\/01\/pexels-photo-5745183-scaled.jpeg","datePublished":"2024-09-19T06:54:56+00:00","dateModified":"2025-05-26T02:05:20+00:00","description":"\u0110\u1ed9i ng\u0169 chuy\u00ean gia th\u00e2n thi\u1ec7n c\u1ee7a Crown lu\u00f4n s\u1eb5n s\u00e0ng h\u1ed7 tr\u1ee3 m\u1ecdi th\u1eafc m\u1eafc c\u1ee7a qu\u00fd doanh nghi\u1ec7p.","breadcrumb":{"@id":"https:\/\/www.crownrms.com\/vn\/contact-us\/#breadcrumb"},"inLanguage":"vi-VN","potentialAction":[{"@type":"ReadAction","target":["https:\/\/www.crownrms.com\/vn\/contact-us\/"]}]},{"@type":"ImageObject","inLanguage":"vi-VN","@id":"https:\/\/www.crownrms.com\/vn\/contact-us\/#primaryimage","url":"https:\/\/www.crownrms.com\/vn\/wp-content\/uploads\/sites\/9\/2025\/01\/pexels-photo-5745183-scaled.jpeg","contentUrl":"https:\/\/www.crownrms.com\/vn\/wp-content\/uploads\/sites\/9\/2025\/01\/pexels-photo-5745183-scaled.jpeg","width":2560,"height":1389},{"@type":"BreadcrumbList","@id":"https:\/\/www.crownrms.com\/vn\/contact-us\/#breadcrumb","itemListElement":[{"@type":"ListItem","position":1,"name":"Trang ch\u1ee7","item":"https:\/\/www.crownrms.com\/vn\/"},{"@type":"ListItem","position":2,"name":"Li\u00ean h\u1ec7 v\u1edbi ch\u00fang t\u00f4i"}]},{"@type":"WebSite","@id":"https:\/\/www.crownrms.com\/vn\/#website","url":"https:\/\/www.crownrms.com\/vn\/","name":"Crown Information Management Vietnam","description":"","potentialAction":[{"@type":"SearchAction","target":{"@type":"EntryPoint","urlTemplate":"https:\/\/www.crownrms.com\/vn\/?s={search_term_string}"},"query-input":{"@type":"PropertyValueSpecification","valueRequired":true,"valueName":"search_term_string"}}],"inLanguage":"vi-VN"}]}},"_links":{"self":[{"href":"https:\/\/www.crownrms.com\/vn\/wp-json\/wp\/v2\/pages\/1754","targetHints":{"allow":["GET"]}}],"collection":[{"href":"https:\/\/www.crownrms.com\/vn\/wp-json\/wp\/v2\/pages"}],"about":[{"href":"https:\/\/www.crownrms.com\/vn\/wp-json\/wp\/v2\/types\/page"}],"author":[{"embeddable":true,"href":"https:\/\/www.crownrms.com\/vn\/wp-json\/wp\/v2\/users\/2"}],"replies":[{"embeddable":true,"href":"https:\/\/www.crownrms.com\/vn\/wp-json\/wp\/v2\/comments?post=1754"}],"version-history":[{"count":0,"href":"https:\/\/www.crownrms.com\/vn\/wp-json\/wp\/v2\/pages\/1754\/revisions"}],"wp:featuredmedia":[{"embeddable":true,"href":"https:\/\/www.crownrms.com\/vn\/wp-json\/wp\/v2\/media\/983"}],"wp:attachment":[{"href":"https:\/\/www.crownrms.com\/vn\/wp-json\/wp\/v2\/media?parent=1754"}],"curies":[{"name":"wp","href":"https:\/\/api.w.org\/{rel}","templated":true}]}}